{"id":1185,"date":"2026-03-05T17:40:39","date_gmt":"2026-03-05T17:40:39","guid":{"rendered":"https:\/\/nuevacocinamediterranea.es\/?page_id=1185"},"modified":"2026-03-18T13:51:43","modified_gmt":"2026-03-18T13:51:43","slug":"aviso-legal","status":"publish","type":"page","link":"https:\/\/nuevacocinamediterranea.es\/es\/aviso-legal\/","title":{"rendered":"Aviso legal"},"content":{"rendered":"\t\t<div data-elementor-type=\"wp-page\" data-elementor-id=\"1185\" class=\"elementor elementor-1185\" data-elementor-post-type=\"page\">\n\t\t\t\t<div class=\"elementor-element elementor-element-6204435 e-flex e-con-boxed e-con e-parent\" data-id=\"6204435\" data-element_type=\"container\" data-e-type=\"container\" data-settings=\"{&quot;background_background&quot;:&quot;slideshow&quot;,&quot;background_slideshow_gallery&quot;:[{&quot;id&quot;:166,&quot;url&quot;:&quot;https:\\\/\\\/nuevacocinamediterranea.es\\\/wp-content\\\/uploads\\\/2026\\\/02\\\/Frame-41-scaled.png&quot;}],&quot;shape_divider_bottom&quot;:&quot;curve&quot;,&quot;shape_divider_bottom_negative&quot;:&quot;yes&quot;,&quot;background_slideshow_loop&quot;:&quot;yes&quot;,&quot;background_slideshow_slide_duration&quot;:5000,&quot;background_slideshow_slide_transition&quot;:&quot;fade&quot;,&quot;background_slideshow_transition_duration&quot;:500}\">\n\t\t\t\t\t<div class=\"e-con-inner\">\n\t\t\t\t<div class=\"elementor-shape elementor-shape-bottom\" aria-hidden=\"true\" data-negative=\"true\">\n\t\t\t<svg xmlns=\"http:\/\/www.w3.org\/2000\/svg\" viewBox=\"0 0 1000 100\" preserveAspectRatio=\"none\">\n\t<path class=\"elementor-shape-fill\" d=\"M500,97C126.7,96.3,0.8,19.8,0,0v100l1000,0V1C1000,19.4,873.3,97.8,500,97z\"\/>\n<\/svg>\t\t<\/div>\n\t\t<div class=\"elementor-element elementor-element-49c8226 e-con-full e-flex e-con e-child\" data-id=\"49c8226\" data-element_type=\"container\" data-e-type=\"container\">\n\t\t\t\t<div class=\"elementor-element elementor-element-1805126 elementor-widget elementor-widget-heading\" data-id=\"1805126\" data-element_type=\"widget\" data-e-type=\"widget\" data-widget_type=\"heading.default\">\n\t\t\t\t\t<h1 class=\"elementor-heading-title elementor-size-default\">Aviso legal<\/h1>\t\t\t\t<\/div>\n\t\t\t\t<\/div>\n\t\t\t\t\t<\/div>\n\t\t\t\t<\/div>\n\t\t<div class=\"elementor-element elementor-element-b2cf250 e-flex e-con-boxed e-con e-parent\" data-id=\"b2cf250\" data-element_type=\"container\" data-e-type=\"container\" data-settings=\"{&quot;background_background&quot;:&quot;classic&quot;,&quot;shape_divider_bottom&quot;:&quot;curve-asymmetrical&quot;,&quot;shape_divider_bottom_negative&quot;:&quot;yes&quot;}\">\n\t\t\t\t\t<div class=\"e-con-inner\">\n\t\t\t\t<div class=\"elementor-shape elementor-shape-bottom\" aria-hidden=\"true\" data-negative=\"true\">\n\t\t\t<svg xmlns=\"http:\/\/www.w3.org\/2000\/svg\" viewBox=\"0 0 1000 100\" preserveAspectRatio=\"none\">\n\t<path class=\"elementor-shape-fill\" d=\"M615.2,96.7C240.2,97.8,0,18.9,0,0v100h1000V0C1000,19.2,989.8,96,615.2,96.7z\"\/>\n<\/svg>\t\t<\/div>\n\t\t\t\t<div class=\"elementor-element elementor-element-a8391a0 elementor-widget elementor-widget-text-editor\" data-id=\"a8391a0\" data-element_type=\"widget\" data-e-type=\"widget\" data-widget_type=\"text-editor.default\">\n\t\t\t\t\t\t\t\t\t<p>ATENCI\u00d3N: POR FAVOR, LEA DETENIDAMENTE ESTE AVISO LEGAL ANTES DE UTILIZAR LA WEB, NO LA UTILICE EN CASO DE NO ACEPTAR ESTAS CONDICIONES DE USO.<\/p><p>El presente aviso legal recoge las condiciones generales que rigen el acceso y el uso del sitio Web\u00a0<a href=\"http:\/\/www.bebeole.net\/\" rel=\"nofollow noopener\" target=\"_blank\">www.nuevacocinamediterranea.es<\/a><\/p><p><strong><u>DATOS DE LA EMPRESA<\/u><\/strong><\/p><p>En cumplimiento del art\u00edculo 10 de la Ley 34\/2002, de 11 de julio, de Servicios de la Sociedad de la Informaci\u00f3n y Comercio Electr\u00f3nico, a continuaci\u00f3n, se exponen los datos identificativos del titular del sitio web\u00a0<a href=\"http:\/\/www.nuevacocinamediterranea.es\/\">www.nuevacocinamediterranea.es<\/a><\/p><p>La titular de esta p\u00e1gina Web es la empresa\u00a0<strong>Nueva Cocina Mediterr\u00e1nea 2002 S.L.<\/strong>\u00a0\u00a0con C.I.F. B-73156549, (en adelante bajo el nombre comercial de\u00a0<em>NCM<\/em><em>)<\/em><\/p><p>Inscrita en el Registro Mercantil de Murcia: Tomo 1837, Libro 0, Folio 48, Secc. 8, Hoja MU-37650<\/p><p>Actividad de la empresa: elaboraci\u00f3n, venta y distribuci\u00f3n de productos alimenticios para el sector de la hosteler\u00eda, catering y comidas a domicilio.<\/p><p>Domicilio: Avenida de las Am\u00e9ricas, Parcela 16- 6A, P.I. Oeste, C.P. 30.820, Alcantarilla, Murcia<\/p><p>Tel\u00e9fono 968 80 90 09<\/p><p>Direcci\u00f3n de correo electr\u00f3nico:\u00a0<a href=\"mailto:correo@nuevacocinamediterranea.es\">correo@nuevacocinamediterranea.es<\/a><\/p><p>Nueva Cocina Mediterr\u00e1nea 2002 S.L.<strong>,\u00a0<\/strong>como titular de la web\u00a0<a href=\"http:\/\/www.bebeole.net\/\" rel=\"nofollow noopener\" target=\"_blank\">www.nuevacocinamediterranea.es<\/a>\u00a0pone a disposici\u00f3n de los usuarios el presente documento con el que pretende dar cumplimiento a las obligaciones dispuestas en la Ley 34\/2002, de Servicios de la Sociedad de la Informaci\u00f3n y del Comercio Electr\u00f3nico (en adelante LSSI-CE) entre otra normativa vigente, as\u00ed\u0301 como informar a todos los usuarios de las condiciones de uso. Toda persona que acceda a este sitio web asume el papel de usuario, comprometi\u00e9ndose a la observancia y cumplimiento riguroso de las disposiciones aqu\u00ed\u0301 dispuestas, as\u00ed\u0301 como a cualquier otra disposici\u00f3n legal que fuera de aplicaci\u00f3n.<\/p><p><strong><u>CONDICIONES GENERALES DE USO<\/u><\/strong><\/p><p>El acceso y uso del sitio web implica la expresa y plena aceptaci\u00f3n de estas condiciones generales en la versi\u00f3n publicada en el momento en que el usuario acceda al mismo, sin perjuicio de las condiciones particulares que pudieran aplicarse en algunos de los servicios concretos del sitio web.<\/p><p>El usuario acepta que el acceso a este sitio web y los contenidos incluidos en el mismo tiene lugar libre y conscientemente, bajo su exclusiva responsabilidad.<\/p><p>Los usuarios acceden al sitio web de forma libre y gratuita, si bien el titular de\u00a0<em>NCM\u00a0<\/em>se reserva el derecho de limitar su acceso para determinados contenidos o servicios, exigiendo el registro de sus datos previamente al acceso.<\/p><p>En tal caso, los usuarios elegir\u00e1n sus propias claves de acceso (e-mail y contrase\u00f1a). Los Usuarios se comprometen a hacer un uso diligente de las claves de acceso; a no ponerlas a disposici\u00f3n de terceros y a comunicar a\u00a0<em>NCM<\/em>, a la mayor brevedad, la p\u00e9rdida o robo de las mismas, as\u00ed como cualquier riesgo de acceso a las mismas por parte de un tercero no autorizado.<\/p><p><em>NCM\u00a0<\/em>se reserva el derecho a modificar en cualquier momento la presentaci\u00f3n, configuraci\u00f3n y localizaci\u00f3n del sitio web, as\u00ed como los contenidos, servicios y las condiciones requeridas para utilizar los mismos cuando lo considere oportuno o con la finalidad de adecuarse a los cambios legislativos y tecnol\u00f3gicos futuros. Estas modificaciones ser\u00e1n v\u00e1lidas desde su publicaci\u00f3n en el sitio web.<\/p><p><em>NCM\u00a0<\/em>se reserva el derecho a interrumpir el acceso al presente sitio web en cualquier momento y sin previo aviso, ya sea por motivos t\u00e9cnicos, de seguridad, de control, de mantenimiento, por fallos de suministro el\u00e9ctrico, o por cualquier otra causa.<\/p><p><em>NCM\u00a0<\/em>se compromete a no remitir comunicaciones comerciales sin identificarlas como tales, conforme a lo dispuesto en la Ley 34\/2002 LSSI-CE. A estos efectos no ser\u00e1 considerado como comunicaci\u00f3n comercial toda la informaci\u00f3n que se env\u00ede a los clientes siempre que tenga por finalidad el mantenimiento de la relaci\u00f3n contractual de servicios existente entre cliente y\u00a0<em>NCM<\/em>, as\u00ed como el desempe\u00f1o de las tareas de informaci\u00f3n, seguimiento del tratamiento y otras actividades propias del servicio que el cliente tiene contratado con nosotros.<\/p><p>Al utilizar nuestro formulario de contacto y darnos su consentimiento de forma voluntaria y expresa para el tratamiento de sus datos, de la misma forma tendr\u00e1\u0301 el derecho de revocar este consentimiento, en cualquier momento, con la simple notificaci\u00f3n de dicha voluntad mediante correo postal o electr\u00f3nico, a trav\u00e9s de las direcciones arriba se\u00f1aladas.<\/p><p><strong><u>AVISO DE COPYRIGHT: DERECHOS DE AUTOR Y PROPIEDAD INTELECTUAL<\/u><\/strong><strong><u>.<\/u><\/strong><\/p><p><em>NCM\u00a0<\/em>ostenta la titularidad del presente sitio web. Todos los derechos de propiedad industrial e intelectual sobre este portal de Internet est\u00e1n legalmente reservados, por lo que el acceso o su utilizaci\u00f3n por parte del usuario, no debe considerarse, en forma alguna, como el otorgamiento de ninguna licencia de uso o derecho sobre cualquier activo.<\/p><p>Igualmente est\u00e1n protegidos por los correspondientes derechos de propiedad intelectual e industrial los documentos, fotograf\u00edas, videos y, en general, todo el contenido multimedia que obra en el servidor de esta web de\u00a0<em>NCM<\/em><\/p><p>Todos los dise\u00f1os y elementos gr\u00e1ficos que integran el dise\u00f1o de esta web, logotipos, gr\u00e1ficos, marcas, nombre comercial o signo distintivo, men\u00fas, colores, im\u00e1genes, los contenidos, textos, estructura, selecci\u00f3n, ordenaci\u00f3n y presentaci\u00f3n de los contenidos y dem\u00e1s elementos insertados en la web son propiedad de<em>\u00a0NCM<\/em>\u00a0o de terceros, y pertenecen a sus respectivos propietarios (siendo ellos mismos responsables de cualquier posible controversia que pudiera suscitarse al respecto) y est\u00e1n protegidos conforme a lo dispuesto en la legislaci\u00f3n en materia de propiedad intelectual e industrial. En todo caso,<em>\u00a0NCM\u00a0<\/em>cuenta con la autorizaci\u00f3n expresa y previa por parte de los mismos.<\/p><p>Por lo anterior, se proh\u00edbe a los usuarios de la web reproducir, ceder, copiar, modificar o cualquier uso total o parcial de la informaci\u00f3n y contenidos de este sitio web sin nuestra autorizaci\u00f3n previa y por escrito.<\/p><p>Los usuarios del sitio web \u00fanicamente podr\u00e1n realizar un uso privado, personal o profesional de los contenidos de \u00e9ste. Est\u00e1 absolutamente prohibido, el uso del sitio web o de alguno de sus elementos con fines comerciales o il\u00edcitos. No se podr\u00e1n realizar actos de reproducci\u00f3n, modificaci\u00f3n, distribuci\u00f3n o comunicaci\u00f3n p\u00fablica del sitio web sin el previo consentimiento por escrito de\u00a0<em>NCM\u00a0<\/em><em>\u00a0<\/em><\/p><p><em>NCM\u00a0<\/em>no asumir\u00e1 ninguna responsabilidad derivada del uso por terceros del contenido del sitio web y podr\u00e1 ejercitar todas las acciones civiles o penales que le correspondan en caso de infracci\u00f3n de estos derechos por parte del usuario.<\/p><p><strong><u>CL\u00c1USULA DE EXENCI\u00d3N DE RESPONSABILIDAD<\/u><\/strong><\/p><p>Los contenidos incorporados al sitio web han sido elaborados en todo momento de buena fe con el prop\u00f3sito de dar la informaci\u00f3n m\u00e1s exacta posible a los usuarios, por lo que\u00a0<em>NCM\u00a0<\/em>no asume ning\u00fan tipo de responsabilidad respecto a la integridad o exactitud de la citada informaci\u00f3n ni garantiza la exactitud ni la puesta al d\u00eda de la informaci\u00f3n que se pueda obtener del mismo, la cual podr\u00e1 ser modificada sin previo aviso. Tampoco se responsabiliza de los eventuales errores tipogr\u00e1ficos, formales o num\u00e9ricos que pueda contener el sitio web.<\/p><p><em>NCM\u00a0<\/em>no se responsabiliza del mal uso que los usuarios puedan hacer del sitio web.<\/p><ol><li><strong><u>Responsabilidad por el funcionamiento del sitio web.<\/u><\/strong><\/li><\/ol><p><em>NCM\u00a0<\/em>intentar\u00e1 reducir al m\u00ednimo los problemas ocasionados por errores de car\u00e1cter t\u00e9cnico, pudiendo proceder a la suspensi\u00f3n temporal de los servicios y contenidos del sitio web para efectuar operaciones de mantenimiento, mejora o reparaci\u00f3n de los mismos, sin que ello origine indemnizaci\u00f3n alguna al usuario por estos conceptos.<\/p><p>Se advierte que alguna informaci\u00f3n contenida en esta web puede haber sido creada o recogida en archivos o formatos no exentos de errores, por lo que no se puede garantizar que el servicio no quede interrumpido o afectado por tales problemas.<\/p><p><em>NCM\u00a0<\/em>no asume responsabilidad alguna respecto de los da\u00f1os que pudieran ocasionar al usuario a resultas de la consulta de la presente p\u00e1gina web, o de aquellas otras externas objeto de reenv\u00edo.<\/p><p><em>NCM\u00a0<\/em>no ser\u00e1 responsable en caso de que existan interrupciones del servicio, o mal funcionamiento del mismo que tengan su origen en supuestos de caso fortuito, fuerza mayor u otras causas que escapan de su control.<\/p><ol start=\"2\"><li><strong><u>Responsabilidad por el uso de enlaces<\/u><\/strong><\/li><\/ol><p>En el caso de que nuestra p\u00e1gina web contenga links a otras p\u00e1ginas web y materiales de terceros, dichos links se facilitan \u00fanicamente a efectos informativos, sin que nosotros tengamos control alguno sobre el contenido de dichas p\u00e1ginas web o materiales. La presencia de otros enlaces en nuestra web tiene una finalidad meramente informativa, no constituyendo en ning\u00fan caso una invitaci\u00f3n o recomendaci\u00f3n a la contrataci\u00f3n de productos o servicios que se ofrezcan en el sitio de Internet de destino.<\/p><p>En ning\u00fan caso, la existencia de estos enlaces implica la formalizaci\u00f3n de acuerdos con los responsables o titulares de los mismos, ni la opini\u00f3n, promoci\u00f3n o identificaci\u00f3n de\u00a0<em>NCM\u00a0<\/em>con las manifestaciones, contenidos o servicios prove\u00eddos.\u00a0<em>NCM\u00a0<\/em>desconoce los contenidos y servicios de los Sitios Enlazados y, por tanto, no se hace responsable por los da\u00f1os producidos por la ilicitud, calidad, desactualizaci\u00f3n, indisponibilidad, error e inutilidad de los contenidos y\/o servicios de ellos ni por cualquier otro da\u00f1o que no sea directamente imputable a\u00a0<em>NCM<\/em>.<\/p><p>De esta manera\u00a0<em>NCM\u00a0<\/em>no se responsabiliza del contenido y disponibilidad de los sitios web a los que enlaza fuera de su p\u00e1gina, de cualquier da\u00f1o o p\u00e9rdida que pueda surgir por la conexi\u00f3n o por el uso de cualquier contenido, producto o servicio disponible en los sitios web a los que se dirijan los enlaces.<\/p><p>En el caso de que\u00a0<em>NCM\u00a0<\/em>constate por alg\u00fan medio la ilicitud de la p\u00e1gina web o el material, o que lesiona bienes o derechos de un tercero susceptibles de indemnizaci\u00f3n, suprimir\u00e1 o inutilizar\u00e1 dicho enlace.<\/p><ol start=\"3\"><li>3<strong>.\u00a0<u>Responsabilidad por comunicaciones realizadas a trav\u00e9s de la web<\/u><\/strong><\/li><\/ol><p>La informaci\u00f3n que contiene esta Web puede facilitarse a trav\u00e9s de Internet u otros medios.\u00a0<em>NCM\u00a0<\/em>no garantiza la privacidad de las comunicaciones realizadas por los usuarios en relaci\u00f3n o a trav\u00e9s de esta Web. Los usuarios de esta Web afirman conocer que las comunicaciones transmitidas a trav\u00e9s de la misma son p\u00fablicas y no son inexpugnables.<\/p><p><em>NCM\u00a0<\/em>no utiliza t\u00e9cnicas de \u00abspamming\u00bb y \u00fanicamente tratara\u0301 los datos que el usuario transmita mediante el formulario electr\u00f3nico, el email o el registro de usuario habilitados en este sitio web.<\/p><ol start=\"4\"><li><strong><u>Responsabilidad por contenidos publicados por terceros en la Web<\/u><\/strong><\/li><\/ol><p>Todos los\u00a0<strong>usuarios<\/strong>\u00a0se obligan a un uso adecuado de los servicios y\/o contenidos del Sitio Web y a no emplearlos para realizar actividades il\u00edcitas o constitutivas de delito, que atenten contra los derechos de terceros y\/o que infrinjan la regulaci\u00f3n sobre propiedad intelectual e industrial, patentes, marcas o copyright o cualesquiera otras normas del ordenamiento jur\u00eddico aplicable, que correspondan a los titulares del Sitio Web o a terceros.<\/p><p><em>NCM\u00a0<\/em>se exime de cualquier tipo de responsabilidad derivada de la informaci\u00f3n publicada en la web, siempre que esta informaci\u00f3n haya sido manipulada o introducida por un tercero ajeno a la misma.<\/p><p>Desde\u00a0<a href=\"http:\/\/www.nuevacocinamediterranea.es\/\">www.nuevacocinamediterranea.es<\/a>\u00a0posible que se redirija a contenidos de terceros sitios web y dado que\u00a0<em>NCM\u00a0<\/em>no puede controlar siempre los contenidos introducidos por los terceros en sus sitios web, este no asume ning\u00fan tipo de responsabilidad respecto a dichos contenidos.<\/p><p>No obstante, en cumplimiento de lo dispuesto en el art. 11 y 16 de la LSSI-CE,\u00a0<em>NCM\u00a0<\/em>se pone a disposici\u00f3n de todos los usuarios, autoridades y fuerzas de seguridad, y colaborando de forma activa en la retirada o en su caso bloqueo de todos aquellos contenidos que pudieran afectar o contravenir la legislaci\u00f3n nacional, o internacional, derechos de terceros o la moral y el orden p\u00fablico.<\/p><p>Si Ud. advierte alg\u00fan contenido inapropiado en nuestro sitio web, por favor contacte con nosotros a trav\u00e9s de nuestro servicio de Atenci\u00f3n al usuario:\u00a0<a href=\"mailto:correo@nuevacocinamediterranea.es\">correo@nuevacocinamediterranea.es<\/a>.<\/p><ol start=\"5\"><li><strong><u>Responsabilidad por uso de la web por menores<\/u><\/strong><u>.<\/u><\/li><\/ol><p>Queda prohibido el uso de la web por menores de 14 a\u00f1os no autorizados. Nuestra web est\u00e1 dirigida a usuarios, empresas y profesionales mayores de edad. Los menores de 14 a\u00f1os pueden acceder y visualizar la web, pero en ning\u00fan caso podr\u00e1n facilitarnos sus datos personales.<\/p><p>Se proh\u00edbe la contrataci\u00f3n de servicios a trav\u00e9s de esta web a aquellas personas que sean menores de 18 a\u00f1os y por tanto, carezcan de capacidad legal para contratar.<\/p><p><em>NCM\u00a0<\/em>no asume ninguna responsabilidad en caso de que menores de edad nos faciliten sus datos incumpliendo las exigencias de este p\u00e1rrafo.<\/p><ol start=\"6\"><li><strong><u>Tratamiento de datos facilitados en los FORMULARIOS WEB<\/u><\/strong><\/li><\/ol><p><em>NCM\u00a0<\/em>ser\u00e1 la entidad responsable de la actividad de tratamiento \u201cUsuarios Web\u201d generada con los datos de car\u00e1cter personal suministrados por los usuarios de su sitio web en los formularios. La identificaci\u00f3n del usuario es plena, ya que es el propio usuario el que, voluntariamente, introduce sus datos personales.<\/p><p>La informaci\u00f3n facilitada por el usuario ser\u00e1 utilizada por<em>\u00a0NCM\u00a0<\/em>exclusivamente para las finalidades que se informen en cada caso. Se le informa que los datos requeridos en nuestros formularios son obligatorios, caso de no facilitarlos, esto impedir\u00e1 que podamos comunicarnos con Ud. y, en su caso, facilitarle la informaci\u00f3n o el servicio que solicita.<\/p><p>Los formularios web incluyen una cl\u00e1usula espec\u00edfica de privacidad mediante la cual el usuario dar\u00e1 voluntariamente su consentimiento al tratamiento automatizado de los datos facilitados, mediante aceptaci\u00f3n expresa de nuestra pol\u00edtica de privacidad. En cumplimiento del Reglamento Europeo 2016\/679 de Protecci\u00f3n de Datos Personales\u00a0le informamos\u00a0que\u00a0<em>NCM\u00a0<\/em>como responsable, tratar\u00e1 e incorporar\u00e1 los datos personales que nos facilite a trav\u00e9s de los formularios al sistema de tratamiento con el fin de comunicarnos con Ud. para atender y gestionar su consulta o requerimiento. Se conservar\u00e1n sus datos mientras dure la gesti\u00f3n de su requerimiento o consulta, salvo obligaci\u00f3n legal.<\/p><p>De acuerdo con el RGPD,<em>\u00a0NCM\u00a0<\/em>se compromete al cumplimiento de su obligaci\u00f3n de confidencialidad con respecto a los datos de car\u00e1cter personal. A estos efectos, adoptar\u00e1 las medidas necesarias para evitar su alteraci\u00f3n, p\u00e9rdida, tratamiento o acceso no autorizado. Los datos personales recabados no ser\u00e1n cedidos a terceros sin su consentimiento expreso, aunque podr\u00e1n ser comunicados a encargados de tratamiento siempre en base a la finalidad para la que son tratados.\u00a0<em>NCM\u00a0<\/em>tratar\u00e1 sus datos de manera l\u00edcita, leal, transparente, adecuada, pertinente, limitada, exacta y actualizada. Mientras no nos comunique lo contrario, entenderemos que sus datos no han sido modificados, que usted se compromete a notificarnos cualquier variaci\u00f3n<\/p><p>El usuario que figure en nuestras bases de datos puede ejercitar sus derechos de acceso, rectificaci\u00f3n, supresi\u00f3n, portabilidad, limitaci\u00f3n y oposici\u00f3n a su tratamiento, entre otros, dirigi\u00e9ndose a\u00a0<a href=\"mailto:correo@nuevacocinamediterranea.es\">correo@nuevacocinamediterranea.es<\/a>\u00a0o en Avda. de las Am\u00e9ricas, Parcela 16- 6A, P.I. Oeste, C.P. 30.820, Alcantarilla, Murcia, mediante solicitud firmada y acompa\u00f1ada de fotocopia del N.I.F. Asimismo podr\u00e1 revocar en cualquier momento el consentimiento prestado a la recepci\u00f3n de comunicaciones comerciales.<\/p><p>Podr\u00e1 dirigirse a la Agencia Espa\u00f1ola de Protecci\u00f3n de Datos para presentar la reclamaci\u00f3n que considere oportuna sobre el inapropiado tratamiento de sus datos\u00a0<a href=\"http:\/\/www.aepd.es\/\" rel=\"nofollow noopener\" target=\"_blank\">www.aepd.es<\/a><\/p><p>Estas condiciones se regir\u00e1n e interpretar\u00e1n conforme a la legislaci\u00f3n espa\u00f1ola. Para la resoluci\u00f3n de todas las controversias o cuestiones relacionadas con el presente sitio web o de las actividades en e\u0301l desarrolladas, ser\u00e1\u0301 de aplicaci\u00f3n la legislaci\u00f3n espa\u00f1ola, a la que se someten expresamente las partes y se subsanaran ante los tribunales competentes.<\/p><p>No obstante, ser\u00e1\u0301 obligatorio que en caso de conflicto las partes intenten previamente resolver la cuesti\u00f3n de mutuo acuerdo. En este sentido, respecto de la compra online a trav\u00e9s de nuestro sitio web, le informamos que la Comisi\u00f3n Europea ha creado una plataforma online (<a href=\"http:\/\/ec.europa.eu\/consumers\/odr\" rel=\"nofollow noopener\" target=\"_blank\">http:\/\/ec.europa.eu\/consumers\/odr<\/a>) para que los consumidores pueden intentar llegar a acuerdos sin ir a juicio relacionados con las disputas que surjan en las compras y contratos de servicios en l\u00ednea.<\/p><p>Si tiene alguna duda o quiere ampliar informaci\u00f3n sobre el funcionamiento de nuestra web puede dirigirse a\u00a0<em>NCM\u00a0<\/em>en\u00a0<a href=\"mailto:correo@nuevacocinamediterranea.es\">correo@nuevacocinamediterranea.es<\/a><\/p><p>IMPORTANTE: Este Canal no es un buz\u00f3n de quejas, consultas, dudas o sugerencias. Si quiere realizar alguna acci\u00f3n de este tipo, contacte con NCM y le indicar\u00e1n como realizarla. En este sentido, NCM garantiza expresamente la confidencialidad para todas aquellas personas que utilicen este canal. Todas las denuncias ser\u00e1n analizadas y evaluadas por el Responsable del Sistema y seguir\u00e1n el procedimiento aprobado a tal efecto.<\/p>\t\t\t\t\t\t\t\t<\/div>\n\t\t\t\t\t<\/div>\n\t\t\t\t<\/div>\n\t\t\t\t<\/div>\n\t\t","protected":false},"excerpt":{"rendered":"<p>Aviso legal ATENCI\u00d3N: POR FAVOR, LEA DETENIDAMENTE ESTE AVISO LEGAL ANTES DE UTILIZAR LA WEB, NO LA UTILICE EN CASO DE NO ACEPTAR ESTAS CONDICIONES DE USO. El presente aviso legal recoge las condiciones generales que rigen el acceso y el uso del sitio Web\u00a0www.nuevacocinamediterranea.es DATOS DE LA EMPRESA En cumplimiento del art\u00edculo 10 de [&hellip;]<\/p>\n","protected":false},"author":1,"featured_media":0,"parent":0,"menu_order":9,"comment_status":"closed","ping_status":"closed","template":"elementor_header_footer","meta":{"footnotes":""},"class_list":["post-1185","page","type-page","status-publish","hentry"],"_links":{"self":[{"href":"https:\/\/nuevacocinamediterranea.es\/es\/wp-json\/wp\/v2\/pages\/1185","targetHints":{"allow":["GET"]}}],"collection":[{"href":"https:\/\/nuevacocinamediterranea.es\/es\/wp-json\/wp\/v2\/pages"}],"about":[{"href":"https:\/\/nuevacocinamediterranea.es\/es\/wp-json\/wp\/v2\/types\/page"}],"author":[{"embeddable":true,"href":"https:\/\/nuevacocinamediterranea.es\/es\/wp-json\/wp\/v2\/users\/1"}],"replies":[{"embeddable":true,"href":"https:\/\/nuevacocinamediterranea.es\/es\/wp-json\/wp\/v2\/comments?post=1185"}],"version-history":[{"count":10,"href":"https:\/\/nuevacocinamediterranea.es\/es\/wp-json\/wp\/v2\/pages\/1185\/revisions"}],"predecessor-version":[{"id":2396,"href":"https:\/\/nuevacocinamediterranea.es\/es\/wp-json\/wp\/v2\/pages\/1185\/revisions\/2396"}],"wp:attachment":[{"href":"https:\/\/nuevacocinamediterranea.es\/es\/wp-json\/wp\/v2\/media?parent=1185"}],"curies":[{"name":"wp","href":"https:\/\/api.w.org\/{rel}","templated":true}]}}