{"id":1168,"date":"2026-03-05T17:28:52","date_gmt":"2026-03-05T17:28:52","guid":{"rendered":"https:\/\/nuevacocinamediterranea.es\/?page_id=1168"},"modified":"2026-03-26T15:56:06","modified_gmt":"2026-03-26T15:56:06","slug":"canal-de-denuncias","status":"publish","type":"page","link":"https:\/\/nuevacocinamediterranea.es\/en\/canal-de-denuncias\/","title":{"rendered":"Complaints channel"},"content":{"rendered":"\t\t<div data-elementor-type=\"wp-page\" data-elementor-id=\"1168\" class=\"elementor elementor-1168\" data-elementor-post-type=\"page\">\n\t\t\t\t<div class=\"elementor-element elementor-element-6204435 e-flex e-con-boxed e-con e-parent\" data-id=\"6204435\" data-element_type=\"container\" data-e-type=\"container\" data-settings=\"{&quot;background_background&quot;:&quot;slideshow&quot;,&quot;background_slideshow_gallery&quot;:[{&quot;id&quot;:166,&quot;url&quot;:&quot;https:\\\/\\\/nuevacocinamediterranea.es\\\/wp-content\\\/uploads\\\/2026\\\/02\\\/Frame-41-scaled.png&quot;}],&quot;shape_divider_bottom&quot;:&quot;curve&quot;,&quot;shape_divider_bottom_negative&quot;:&quot;yes&quot;,&quot;background_slideshow_loop&quot;:&quot;yes&quot;,&quot;background_slideshow_slide_duration&quot;:5000,&quot;background_slideshow_slide_transition&quot;:&quot;fade&quot;,&quot;background_slideshow_transition_duration&quot;:500}\">\n\t\t\t\t\t<div class=\"e-con-inner\">\n\t\t\t\t<div class=\"elementor-shape elementor-shape-bottom\" aria-hidden=\"true\" data-negative=\"true\">\n\t\t\t<svg xmlns=\"http:\/\/www.w3.org\/2000\/svg\" viewBox=\"0 0 1000 100\" preserveAspectRatio=\"none\">\n\t<path class=\"elementor-shape-fill\" d=\"M500,97C126.7,96.3,0.8,19.8,0,0v100l1000,0V1C1000,19.4,873.3,97.8,500,97z\"\/>\n<\/svg>\t\t<\/div>\n\t\t<div class=\"elementor-element elementor-element-49c8226 e-con-full e-flex e-con e-child\" data-id=\"49c8226\" data-element_type=\"container\" data-e-type=\"container\">\n\t\t\t\t<div class=\"elementor-element elementor-element-1805126 elementor-widget elementor-widget-heading\" data-id=\"1805126\" data-element_type=\"widget\" data-e-type=\"widget\" data-widget_type=\"heading.default\">\n\t\t\t\t\t<h1 class=\"elementor-heading-title elementor-size-default\">Canal de denuncias<\/h1>\t\t\t\t<\/div>\n\t\t\t\t<\/div>\n\t\t\t\t\t<\/div>\n\t\t\t\t<\/div>\n\t\t<div class=\"elementor-element elementor-element-b2cf250 e-flex e-con-boxed e-con e-parent\" data-id=\"b2cf250\" data-element_type=\"container\" data-e-type=\"container\" data-settings=\"{&quot;background_background&quot;:&quot;classic&quot;,&quot;shape_divider_bottom&quot;:&quot;curve-asymmetrical&quot;,&quot;shape_divider_bottom_negative&quot;:&quot;yes&quot;}\">\n\t\t\t\t\t<div class=\"e-con-inner\">\n\t\t\t\t<div class=\"elementor-shape elementor-shape-bottom\" aria-hidden=\"true\" data-negative=\"true\">\n\t\t\t<svg xmlns=\"http:\/\/www.w3.org\/2000\/svg\" viewBox=\"0 0 1000 100\" preserveAspectRatio=\"none\">\n\t<path class=\"elementor-shape-fill\" d=\"M615.2,96.7C240.2,97.8,0,18.9,0,0v100h1000V0C1000,19.2,989.8,96,615.2,96.7z\"\/>\n<\/svg>\t\t<\/div>\n\t\t<div class=\"elementor-element elementor-element-5357d0f e-con-full container-right e-flex e-con e-child\" data-id=\"5357d0f\" data-element_type=\"container\" data-e-type=\"container\" data-settings=\"{&quot;background_background&quot;:&quot;classic&quot;}\">\n\t\t<div class=\"elementor-element elementor-element-5120ef9 e-con-full e-flex e-con e-child\" data-id=\"5120ef9\" data-element_type=\"container\" data-e-type=\"container\">\n\t\t\t\t<div class=\"elementor-element elementor-element-1cdf814 elementor-widget elementor-widget-heading\" data-id=\"1cdf814\" data-element_type=\"widget\" data-e-type=\"widget\" data-widget_type=\"heading.default\">\n\t\t\t\t\t<h2 class=\"elementor-heading-title elementor-size-default\">Canal de Denuncias\n<\/h2>\t\t\t\t<\/div>\n\t\t\t\t<div class=\"elementor-element elementor-element-a8391a0 elementor-widget elementor-widget-text-editor\" data-id=\"a8391a0\" data-element_type=\"widget\" data-e-type=\"widget\" data-widget_type=\"text-editor.default\">\n\t\t\t\t\t\t\t\t\t<p>Le damos la bienvenida al CANAL DE DENUNCIAS de Nueva Cocina Mediterr\u00e1nea (NCM), mediante el que cualquier persona, interna o externa puede denunciar o informar, de manera confidencial o an\u00f3nima, sobre hechos o conductas irregulares en las que haya intervenido, directa o indirectamente, cualquier empleado, proveedor, colaborador u otros terceros y que sean o puedan ser constitutivas de infracciones penales o administrativas graves o muy graves relacionadas con la actividad de la empresa.<\/p><p>IMPORTANTE: Este Canal no es un buz\u00f3n de quejas, consultas, dudas o sugerencias. Si quiere realizar alguna acci\u00f3n de este tipo, contacte con NCM y le indicar\u00e1n como realizarla. En este sentido, NCM garantiza expresamente la confidencialidad para todas aquellas personas que utilicen este canal. Todas las denuncias ser\u00e1n analizadas y evaluadas por el Responsable del Sistema y seguir\u00e1n el procedimiento aprobado a tal efecto.<\/p>\t\t\t\t\t\t\t\t<\/div>\n\t\t\t\t<div class=\"elementor-element elementor-element-70068be elementor-button-align-end elementor-mobile-button-align-center elementor-widget elementor-widget-form\" data-id=\"70068be\" data-element_type=\"widget\" data-e-type=\"widget\" data-settings=\"{&quot;step_next_label&quot;:&quot;Siguiente&quot;,&quot;step_previous_label&quot;:&quot;Anterior&quot;,&quot;button_width&quot;:&quot;100&quot;,&quot;step_type&quot;:&quot;number_text&quot;,&quot;step_icon_shape&quot;:&quot;circle&quot;}\" data-widget_type=\"form.default\">\n\t\t\t\t\t\t\t<form class=\"elementor-form\" method=\"post\" name=\"Nuevo formulario\" aria-label=\"Nuevo formulario\">\n\t\t\t<input type=\"hidden\" name=\"post_id\" value=\"1168\"\/>\n\t\t\t<input type=\"hidden\" name=\"form_id\" value=\"70068be\"\/>\n\t\t\t<input type=\"hidden\" name=\"referer_title\" value=\"Canal de denuncias - Nueva cocina mediterr\u00e1nea\" \/>\n\n\t\t\t\t\t\t\t<input type=\"hidden\" name=\"queried_id\" value=\"1168\"\/>\n\t\t\t\n\t\t\t<div class=\"elementor-form-fields-wrapper elementor-labels-above\">\n\t\t\t\t\t\t\t\t<div class=\"elementor-field-type-step elementor-field-group elementor-column elementor-field-group-field_9ca9b6c elementor-col-100\">\n\t\t\t\t\t\t\t<div class=\"e-field-step elementor-hidden\" data-label=\"\" data-previousButton=\"\" data-nextButton=\"\" data-iconUrl=\"\" data-iconLibrary=\"fas fa-star\" data-icon=\"&lt;svg class=&quot;e-font-icon-svg e-fas-star&quot; viewBox=&quot;0 0 576 512&quot; xmlns=&quot;http:\/\/www.w3.org\/2000\/svg&quot;&gt;&lt;path d=&quot;M259.3 17.8L194 150.2 47.9 171.5c-26.2 3.8-36.7 36.1-17.7 54.6l105.7 103-25 145.5c-4.5 26.3 23.2 46 46.4 33.7L288 439.6l130.7 68.7c23.2 12.2 50.9-7.4 46.4-33.7l-25-145.5 105.7-103c19-18.5 8.5-50.8-17.7-54.6L382 150.2 316.7 17.8c-11.7-23.6-45.6-23.9-57.4 0z&quot;&gt;&lt;\/path&gt;&lt;\/svg&gt;\" ><\/div>\n\n\t\t\t\t\t\t<\/div>\n\t\t\t\t\t\t\t\t<div class=\"elementor-field-type-textarea elementor-field-group elementor-column elementor-field-group-name elementor-col-100 elementor-field-required\">\n\t\t\t\t\t\t\t\t\t\t\t\t<label for=\"form-field-name\" class=\"elementor-field-label\">\n\t\t\t\t\t\t\t\tDescriba los hechos con la mayor claridad y precisi\u00f3n posible. Indique la fecha y el lugar donde han sucedido. Ind\u00edquenos como verificarlos. No incorpore ninguna informaci\u00f3n que le identifique, si opta por una comunicaci\u00f3n an\u00f3nima. \t\t\t\t\t\t\t<\/label>\n\t\t\t\t\t\t<textarea class=\"elementor-field-textual elementor-field  elementor-size-sm\" name=\"form_fields[name]\" id=\"form-field-name\" rows=\"4\" placeholder=\" \" required=\"required\"><\/textarea>\t\t\t\t<\/div>\n\t\t\t\t\t\t\t\t<div class=\"elementor-field-type-textarea elementor-field-group elementor-column elementor-field-group-field_8eb7a50 elementor-col-100 elementor-field-required\">\n\t\t\t\t\t\t\t\t\t\t\t\t<label for=\"form-field-field_8eb7a50\" class=\"elementor-field-label\">\n\t\t\t\t\t\t\t\t\u00bfConoce la identidad de lo\/s autor\/es? Proporcione los datos que posea sobre la identificaci\u00f3n sobre el autor o las personas implicadas para una correcta investigaci\u00f3n de su denuncia. \t\t\t\t\t\t\t<\/label>\n\t\t\t\t\t\t<textarea class=\"elementor-field-textual elementor-field  elementor-size-sm\" name=\"form_fields[field_8eb7a50]\" id=\"form-field-field_8eb7a50\" rows=\"4\" placeholder=\" \" required=\"required\"><\/textarea>\t\t\t\t<\/div>\n\t\t\t\t\t\t\t\t<div class=\"elementor-field-type-textarea elementor-field-group elementor-column elementor-field-group-field_ee73fd9 elementor-col-100 elementor-field-required\">\n\t\t\t\t\t\t\t\t\t\t\t\t<label for=\"form-field-field_ee73fd9\" class=\"elementor-field-label\">\n\t\t\t\t\t\t\t\t\u00bfLos hechos afectan o pueden afectar a terceros? \u00bfexisten testigos de los hechos? En caso afirmativo, indique a qui\u00e9n. \t\t\t\t\t\t\t<\/label>\n\t\t\t\t\t\t<textarea class=\"elementor-field-textual elementor-field  elementor-size-sm\" name=\"form_fields[field_ee73fd9]\" id=\"form-field-field_ee73fd9\" rows=\"4\" placeholder=\" \" required=\"required\"><\/textarea>\t\t\t\t<\/div>\n\t\t\t\t\t\t\t\t<div class=\"elementor-field-type-textarea elementor-field-group elementor-column elementor-field-group-field_1e4c771 elementor-col-100 elementor-field-required\">\n\t\t\t\t\t\t\t\t\t\t\t\t<label for=\"form-field-field_1e4c771\" class=\"elementor-field-label\">\n\t\t\t\t\t\t\t\t\u00bfDesea a\u00f1adir alguna informaci\u00f3n relevante? En caso afirmativo, a\u00f1\u00e1dala aqu\u00ed. \t\t\t\t\t\t\t<\/label>\n\t\t\t\t\t\t<textarea class=\"elementor-field-textual elementor-field  elementor-size-sm\" name=\"form_fields[field_1e4c771]\" id=\"form-field-field_1e4c771\" rows=\"4\" placeholder=\" \" required=\"required\"><\/textarea>\t\t\t\t<\/div>\n\t\t\t\t\t\t\t\t<div class=\"elementor-field-type-step elementor-field-group elementor-column elementor-field-group-field_53e90a1 elementor-col-100\">\n\t\t\t\t\t\t\t<div class=\"e-field-step elementor-hidden\" data-label=\"\" data-previousButton=\"\" data-nextButton=\"\" data-iconUrl=\"\" data-iconLibrary=\"fas fa-star\" data-icon=\"&lt;svg class=&quot;e-font-icon-svg e-fas-star&quot; viewBox=&quot;0 0 576 512&quot; xmlns=&quot;http:\/\/www.w3.org\/2000\/svg&quot;&gt;&lt;path d=&quot;M259.3 17.8L194 150.2 47.9 171.5c-26.2 3.8-36.7 36.1-17.7 54.6l105.7 103-25 145.5c-4.5 26.3 23.2 46 46.4 33.7L288 439.6l130.7 68.7c23.2 12.2 50.9-7.4 46.4-33.7l-25-145.5 105.7-103c19-18.5 8.5-50.8-17.7-54.6L382 150.2 316.7 17.8c-11.7-23.6-45.6-23.9-57.4 0z&quot;&gt;&lt;\/path&gt;&lt;\/svg&gt;\" ><\/div>\n\n\t\t\t\t\t\t<\/div>\n\t\t\t\t\t\t\t\t<div class=\"elementor-field-type-html elementor-field-group elementor-column elementor-field-group-field_88e6aac elementor-col-100\">\n\t\t\t\t\t<h3>Datos del informante<\/h3>\n<span>No es obligatorio que se identifique. Introduzca su nombre y datos de contacto si quiere ser informado sobre el curso de la investigaci\u00f3n, la conclusi\u00f3n del expediente y las medidas adoptadas tras el mismo.\n<\/span>\t\t\t\t<\/div>\n\t\t\t\t\t\t\t\t<div class=\"elementor-field-type-text elementor-field-group elementor-column elementor-field-group-field_0cffef5 elementor-col-50\">\n\t\t\t\t\t\t\t\t\t\t\t\t<label for=\"form-field-field_0cffef5\" class=\"elementor-field-label\">\n\t\t\t\t\t\t\t\tNombre\t\t\t\t\t\t\t<\/label>\n\t\t\t\t\t\t\t\t\t\t\t\t\t\t<input size=\"1\" type=\"text\" name=\"form_fields[field_0cffef5]\" id=\"form-field-field_0cffef5\" class=\"elementor-field elementor-size-sm  elementor-field-textual\">\n\t\t\t\t\t\t\t\t\t\t\t<\/div>\n\t\t\t\t\t\t\t\t<div class=\"elementor-field-type-text elementor-field-group elementor-column elementor-field-group-field_6e98ed7 elementor-col-50\">\n\t\t\t\t\t\t\t\t\t\t\t\t<label for=\"form-field-field_6e98ed7\" class=\"elementor-field-label\">\n\t\t\t\t\t\t\t\tApellidos\t\t\t\t\t\t\t<\/label>\n\t\t\t\t\t\t\t\t\t\t\t\t\t\t<input size=\"1\" type=\"text\" name=\"form_fields[field_6e98ed7]\" id=\"form-field-field_6e98ed7\" class=\"elementor-field elementor-size-sm  elementor-field-textual\">\n\t\t\t\t\t\t\t\t\t\t\t<\/div>\n\t\t\t\t\t\t\t\t<div class=\"elementor-field-type-email elementor-field-group elementor-column elementor-field-group-field_5b96a33 elementor-col-50\">\n\t\t\t\t\t\t\t\t\t\t\t\t<label for=\"form-field-field_5b96a33\" class=\"elementor-field-label\">\n\t\t\t\t\t\t\t\tEmail\t\t\t\t\t\t\t<\/label>\n\t\t\t\t\t\t\t\t\t\t\t\t\t\t<input size=\"1\" type=\"email\" name=\"form_fields[field_5b96a33]\" id=\"form-field-field_5b96a33\" class=\"elementor-field elementor-size-sm  elementor-field-textual\">\n\t\t\t\t\t\t\t\t\t\t\t<\/div>\n\t\t\t\t\t\t\t\t<div class=\"elementor-field-type-tel elementor-field-group elementor-column elementor-field-group-field_194557b elementor-col-50\">\n\t\t\t\t\t\t\t\t\t\t\t\t<label for=\"form-field-field_194557b\" class=\"elementor-field-label\">\n\t\t\t\t\t\t\t\tTel\u00e9fono\t\t\t\t\t\t\t<\/label>\n\t\t\t\t\t\t\t\t<input size=\"1\" type=\"tel\" name=\"form_fields[field_194557b]\" id=\"form-field-field_194557b\" class=\"elementor-field elementor-size-sm  elementor-field-textual\" pattern=\"[0-9()#&amp;+*-=.]+\" title=\"Solo se aceptan n\u00fameros y caracteres de tel\u00e9fono (#,-,*,etc).\">\n\n\t\t\t\t\t\t<\/div>\n\t\t\t\t\t\t\t\t<div class=\"elementor-field-type-upload elementor-field-group elementor-column elementor-field-group-field_fd34b37 elementor-col-100\">\n\t\t\t\t\t\t\t\t\t\t\t\t<label for=\"form-field-field_fd34b37\" class=\"elementor-field-label\">\n\t\t\t\t\t\t\t\tEvidencias y pruebas de los hechos. Adjunte aqu\u00ed documentos, fotograf\u00edas, v\u00eddeos, archivos de audio, correos electr\u00f3nicos, capturas de pantalla, etc. AVISO: Si decide presentar la comunicaci\u00f3n de forma an\u00f3nima, aseg\u00farese de que los documentos adjuntos no contienen ning\u00fan dato que pueda revelar su identidad. Los archivos deben ser menores que 10 MB. Tipos de archivo permitidos: pdf, doc, docx, odt, zip, jpg.\t\t\t\t\t\t\t<\/label>\n\t\t\t\t\t\t\t\t<input type=\"file\" name=\"form_fields[field_fd34b37]\" id=\"form-field-field_fd34b37\" class=\"elementor-field elementor-size-sm  elementor-upload-field\">\n\n\t\t\t\t\t\t<\/div>\n\t\t\t\t\t\t\t\t<div class=\"elementor-field-type-checkbox elementor-field-group elementor-column elementor-field-group-field_79fd070 elementor-col-100\">\n\t\t\t\t\t<div class=\"elementor-field-subgroup  \"><span class=\"elementor-field-option\"><input type=\"checkbox\" value=\"Con la marcaci\u00f3n de esta casilla, declaro que realizo la presente comunicaci\u00f3n de buena fe y que, salvo error u omisi\u00f3n involuntaria, los datos consignados en este formulario son ciertos.\" id=\"form-field-field_79fd070-0\" name=\"form_fields[field_79fd070]\"> <label for=\"form-field-field_79fd070-0\">Con la marcaci\u00f3n de esta casilla, declaro que realizo la presente comunicaci\u00f3n de buena fe y que, salvo error u omisi\u00f3n involuntaria, los datos consignados en este formulario son ciertos.<\/label><\/span><\/div>\t\t\t\t<\/div>\n\t\t\t\t\t\t\t\t<div class=\"elementor-field-type-checkbox elementor-field-group elementor-column elementor-field-group-field_56a8a92 elementor-col-100\">\n\t\t\t\t\t<div class=\"elementor-field-subgroup  \"><span class=\"elementor-field-option\"><input type=\"checkbox\" value=\"Con la marcaci\u00f3n de esta casilla, ejerzo mi derecho a no recibir comunicaciones de la empresa relacionadas con el curso y resoluci\u00f3n de la denuncia (aunque me haya identificado).\" id=\"form-field-field_56a8a92-0\" name=\"form_fields[field_56a8a92]\"> <label for=\"form-field-field_56a8a92-0\">Con la marcaci\u00f3n de esta casilla, ejerzo mi derecho a no recibir comunicaciones de la empresa relacionadas con el curso y resoluci\u00f3n de la denuncia (aunque me haya identificado).<\/label><\/span><\/div>\t\t\t\t<\/div>\n\t\t\t\t\t\t\t\t<div class=\"elementor-field-type-checkbox elementor-field-group elementor-column elementor-field-group-field_ba7a88c elementor-col-100\">\n\t\t\t\t\t<div class=\"elementor-field-subgroup  \"><span class=\"elementor-field-option\"><input type=\"checkbox\" value=\"Declaro que s\u00ed he le\u00eddo y acepto el tratamiento de datos personales conforme a la &lt;a href=&quot;\/aviso-legal&quot;&gt;Pol\u00edtica de Privacidad y el Procedimiento y Gu\u00eda de Uso del Canal de Denuncias de NCM.&lt;\/a&gt;\" id=\"form-field-field_ba7a88c-0\" name=\"form_fields[field_ba7a88c]\"> <label for=\"form-field-field_ba7a88c-0\">Declaro que s\u00ed he le\u00eddo y acepto el tratamiento de datos personales conforme a la <a href=\"\/aviso-legal\">Pol\u00edtica de Privacidad y el Procedimiento y Gu\u00eda de Uso del Canal de Denuncias de NCM.<\/a><\/label><\/span><\/div>\t\t\t\t<\/div>\n\t\t\t\t\t\t\t\t<div class=\"elementor-field-type-html elementor-field-group elementor-column elementor-field-group-field_bdc7ec0 elementor-col-100\">\n\t\t\t\t\t<span style=\"font-size:12px;\">Informaci\u00f3n b\u00e1sica sobre protecci\u00f3n de datos. Responsable: Nueva Cocina Mediterr\u00e1nea 2002 S.L. Finalidad: gestionar su consulta, incluido el env\u00edo de informaci\u00f3n\/presupuesto solicitado y su posterior seguimiento comercial. Legitimaci\u00f3n: su consentimiento expreso o la ejecuci\u00f3n de medidas precontractuales. Plazo: sus datos no se ceder\u00e1n a terceros y se conservar\u00e1n el tiempo necesario para cumplir con su finalidad. Puede ejercitar los derechos de acceso y rectificaci\u00f3n de sus datos, supresi\u00f3n, portabilidad, limitaci\u00f3n y oposici\u00f3n al tratamiento, dirigi\u00e9ndose a correo@nuevacocinamediterranea.es\n<\/span>\n\t\t\t\t<\/div>\n\t\t\t\t\t\t\t\t<div class=\"elementor-field-group elementor-column elementor-field-type-submit elementor-col-100 e-form__buttons\">\n\t\t\t\t\t<button class=\"elementor-button elementor-size-sm\" type=\"submit\">\n\t\t\t\t\t\t<span class=\"elementor-button-content-wrapper\">\n\t\t\t\t\t\t\t\t\t\t\t\t\t\t\t<span class=\"elementor-button-icon\">\n\t\t\t\t\t\t\t\t\t<svg aria-hidden=\"true\" class=\"e-font-icon-svg e-fas-arrow-right\" viewBox=\"0 0 448 512\" xmlns=\"http:\/\/www.w3.org\/2000\/svg\"><path d=\"M190.5 66.9l22.2-22.2c9.4-9.4 24.6-9.4 33.9 0L441 239c9.4 9.4 9.4 24.6 0 33.9L246.6 467.3c-9.4 9.4-24.6 9.4-33.9 0l-22.2-22.2c-9.5-9.5-9.3-25 .4-34.3L311.4 296H24c-13.3 0-24-10.7-24-24v-32c0-13.3 10.7-24 24-24h287.4L190.9 101.2c-9.8-9.3-10-24.8-.4-34.3z\"><\/path><\/svg>\t\t\t\t\t\t\t\t\t\t\t\t\t\t\t\t\t<\/span>\n\t\t\t\t\t\t\t\t\t\t\t\t\t\t\t\t\t\t\t\t\t\t<span class=\"elementor-button-text\">Enviar<\/span>\n\t\t\t\t\t\t\t\t\t\t\t\t\t<\/span>\n\t\t\t\t\t<\/button>\n\t\t\t\t<\/div>\n\t\t\t<\/div>\n\t\t<\/form>\n\t\t\t\t\t\t<\/div>\n\t\t\t\t<\/div>\n\t\t\t\t<\/div>\n\t\t\t\t\t<\/div>\n\t\t\t\t<\/div>\n\t\t\t\t<\/div>\n\t\t","protected":false},"excerpt":{"rendered":"<p>Canal de denuncias Canal de Denuncias Le damos la bienvenida al CANAL DE DENUNCIAS de Nueva Cocina Mediterr\u00e1nea (NCM), mediante el que cualquier persona, interna o externa puede denunciar o informar, de manera confidencial o an\u00f3nima, sobre hechos o conductas irregulares en las que haya intervenido, directa o indirectamente, cualquier empleado, proveedor, colaborador u otros [&hellip;]<\/p>\n","protected":false},"author":1,"featured_media":0,"parent":0,"menu_order":10,"comment_status":"closed","ping_status":"closed","template":"elementor_header_footer","meta":{"footnotes":""},"class_list":["post-1168","page","type-page","status-publish","hentry"],"_links":{"self":[{"href":"https:\/\/nuevacocinamediterranea.es\/en\/wp-json\/wp\/v2\/pages\/1168","targetHints":{"allow":["GET"]}}],"collection":[{"href":"https:\/\/nuevacocinamediterranea.es\/en\/wp-json\/wp\/v2\/pages"}],"about":[{"href":"https:\/\/nuevacocinamediterranea.es\/en\/wp-json\/wp\/v2\/types\/page"}],"author":[{"embeddable":true,"href":"https:\/\/nuevacocinamediterranea.es\/en\/wp-json\/wp\/v2\/users\/1"}],"replies":[{"embeddable":true,"href":"https:\/\/nuevacocinamediterranea.es\/en\/wp-json\/wp\/v2\/comments?post=1168"}],"version-history":[{"count":15,"href":"https:\/\/nuevacocinamediterranea.es\/en\/wp-json\/wp\/v2\/pages\/1168\/revisions"}],"predecessor-version":[{"id":2568,"href":"https:\/\/nuevacocinamediterranea.es\/en\/wp-json\/wp\/v2\/pages\/1168\/revisions\/2568"}],"wp:attachment":[{"href":"https:\/\/nuevacocinamediterranea.es\/en\/wp-json\/wp\/v2\/media?parent=1168"}],"curies":[{"name":"wp","href":"https:\/\/api.w.org\/{rel}","templated":true}]}}